{"id":75,"date":"2024-04-30T20:03:35","date_gmt":"2024-04-30T20:03:35","guid":{"rendered":"https:\/\/songultoprakozsangayrimenkul.com\/?page_id=75"},"modified":"2024-05-01T10:08:26","modified_gmt":"2024-05-01T10:08:26","slug":"iletisim","status":"publish","type":"page","link":"https:\/\/songultoprakozsangayrimenkul.com\/?page_id=75","title":{"rendered":"\u0130leti\u015fim"},"content":{"rendered":"\n<h2 class=\"wp-block-heading\">Telefon <\/h2>\n\n\n\n<p>\u00a00212 351 12 00<\/p>\n\n\n\n<h2 class=\"wp-block-heading\">E-mail <\/h2>\n\n\n\n<p>info@songultoprakozsangayrimenkul.com<\/p>\n\n\n\n<h2 class=\"wp-block-heading\">Adres<\/h2>\n\n\n\n<p>Bebek, Ak\u00e7a Apt, Cevdet Pa\u015fa Cad. No:55\/1, 34342 Be\u015fikta\u015f\/\u0130stanbul<\/p>\n","protected":false},"excerpt":{"rendered":"<p>Telefon \u00a00212 351 12 00 E-mail info@songultoprakozsangayrimenkul.com Adres Bebek, Ak\u00e7a Apt, Cevdet Pa\u015fa Cad. No:55\/1, 34342 Be\u015fikta\u015f\/\u0130stanbul<\/p>\n","protected":false},"author":1,"featured_media":0,"parent":0,"menu_order":0,"comment_status":"closed","ping_status":"closed","template":"","meta":{"footnotes":""},"class_list":["post-75","page","type-page","status-publish","hentry"],"yoast_head":"<!-- This site is optimized with the Yoast SEO plugin v22.6 - https:\/\/yoast.com\/wordpress\/plugins\/seo\/ -->\n<title>\u0130leti\u015fim - Song\u00fcl Toprak \u00d6zsan Gayrimenkul<\/title>\n<meta name=\"robots\" content=\"index, follow, max-snippet:-1, max-image-preview:large, max-video-preview:-1\" \/>\n<link rel=\"canonical\" href=\"https:\/\/songultoprakozsangayrimenkul.com\/?page_id=75\" \/>\n<meta property=\"og:locale\" content=\"tr_TR\" \/>\n<meta property=\"og:type\" content=\"article\" \/>\n<meta property=\"og:title\" content=\"\u0130leti\u015fim - Song\u00fcl Toprak \u00d6zsan Gayrimenkul\" \/>\n<meta property=\"og:description\" content=\"Telefon \u00a00212 351 12 00 E-mail info@songultoprakozsangayrimenkul.com Adres Bebek, Ak\u00e7a Apt, Cevdet Pa\u015fa Cad. No:55\/1, 34342 Be\u015fikta\u015f\/\u0130stanbul\" \/>\n<meta property=\"og:url\" content=\"https:\/\/songultoprakozsangayrimenkul.com\/?page_id=75\" \/>\n<meta property=\"og:site_name\" content=\"Song\u00fcl Toprak \u00d6zsan Gayrimenkul\" \/>\n<meta property=\"article:publisher\" content=\"https:\/\/www.facebook.com\/songul.toprakozsan?mibextid=ZbWKwL\" \/>\n<meta property=\"article:modified_time\" content=\"2024-05-01T10:08:26+00:00\" \/>\n<meta name=\"twitter:card\" content=\"summary_large_image\" \/>\n<meta name=\"twitter:label1\" content=\"Tahmini okuma s\u00fcresi\" \/>\n\t<meta name=\"twitter:data1\" content=\"1 dakika\" \/>\n<script type=\"application\/ld+json\" class=\"yoast-schema-graph\">{\"@context\":\"https:\/\/schema.org\",\"@graph\":[{\"@type\":\"WebPage\",\"@id\":\"https:\/\/songultoprakozsangayrimenkul.com\/?page_id=75\",\"url\":\"https:\/\/songultoprakozsangayrimenkul.com\/?page_id=75\",\"name\":\"\u0130leti\u015fim - Song\u00fcl Toprak \u00d6zsan Gayrimenkul\",\"isPartOf\":{\"@id\":\"https:\/\/songultoprakozsangayrimenkul.com\/#website\"},\"datePublished\":\"2024-04-30T20:03:35+00:00\",\"dateModified\":\"2024-05-01T10:08:26+00:00\",\"breadcrumb\":{\"@id\":\"https:\/\/songultoprakozsangayrimenkul.com\/?page_id=75#breadcrumb\"},\"inLanguage\":\"tr\",\"potentialAction\":[{\"@type\":\"ReadAction\",\"target\":[\"https:\/\/songultoprakozsangayrimenkul.com\/?page_id=75\"]}]},{\"@type\":\"BreadcrumbList\",\"@id\":\"https:\/\/songultoprakozsangayrimenkul.com\/?page_id=75#breadcrumb\",\"itemListElement\":[{\"@type\":\"ListItem\",\"position\":1,\"name\":\"Anasayfa\",\"item\":\"https:\/\/songultoprakozsangayrimenkul.com\/\"},{\"@type\":\"ListItem\",\"position\":2,\"name\":\"\u0130leti\u015fim\"}]},{\"@type\":\"WebSite\",\"@id\":\"https:\/\/songultoprakozsangayrimenkul.com\/#website\",\"url\":\"https:\/\/songultoprakozsangayrimenkul.com\/\",\"name\":\"Song\u00fcl Toprak \u00d6zsan Gayrimenkul\",\"description\":\"\",\"publisher\":{\"@id\":\"https:\/\/songultoprakozsangayrimenkul.com\/#organization\"},\"potentialAction\":[{\"@type\":\"SearchAction\",\"target\":{\"@type\":\"EntryPoint\",\"urlTemplate\":\"https:\/\/songultoprakozsangayrimenkul.com\/?s={search_term_string}\"},\"query-input\":\"required name=search_term_string\"}],\"inLanguage\":\"tr\"},{\"@type\":\"Organization\",\"@id\":\"https:\/\/songultoprakozsangayrimenkul.com\/#organization\",\"name\":\"Song\u00fcl Toprak \u00d6zsan Gayrimenkul\",\"url\":\"https:\/\/songultoprakozsangayrimenkul.com\/\",\"logo\":{\"@type\":\"ImageObject\",\"inLanguage\":\"tr\",\"@id\":\"https:\/\/songultoprakozsangayrimenkul.com\/#\/schema\/logo\/image\/\",\"url\":\"https:\/\/songultoprakozsangayrimenkul.com\/wp-content\/uploads\/2024\/04\/logo-1.png\",\"contentUrl\":\"https:\/\/songultoprakozsangayrimenkul.com\/wp-content\/uploads\/2024\/04\/logo-1.png\",\"width\":97,\"height\":95,\"caption\":\"Song\u00fcl Toprak \u00d6zsan Gayrimenkul\"},\"image\":{\"@id\":\"https:\/\/songultoprakozsangayrimenkul.com\/#\/schema\/logo\/image\/\"},\"sameAs\":[\"https:\/\/www.facebook.com\/songul.toprakozsan?mibextid=ZbWKwL\",\"https:\/\/www.instagram.com\/songultoprakozsangayrimenkul\"]}]}<\/script>\n<!-- \/ Yoast SEO plugin. -->","yoast_head_json":{"title":"\u0130leti\u015fim - Song\u00fcl Toprak \u00d6zsan Gayrimenkul","robots":{"index":"index","follow":"follow","max-snippet":"max-snippet:-1","max-image-preview":"max-image-preview:large","max-video-preview":"max-video-preview:-1"},"canonical":"https:\/\/songultoprakozsangayrimenkul.com\/?page_id=75","og_locale":"tr_TR","og_type":"article","og_title":"\u0130leti\u015fim - Song\u00fcl Toprak \u00d6zsan Gayrimenkul","og_description":"Telefon \u00a00212 351 12 00 E-mail info@songultoprakozsangayrimenkul.com Adres Bebek, Ak\u00e7a Apt, Cevdet Pa\u015fa Cad. No:55\/1, 34342 Be\u015fikta\u015f\/\u0130stanbul","og_url":"https:\/\/songultoprakozsangayrimenkul.com\/?page_id=75","og_site_name":"Song\u00fcl Toprak \u00d6zsan Gayrimenkul","article_publisher":"https:\/\/www.facebook.com\/songul.toprakozsan?mibextid=ZbWKwL","article_modified_time":"2024-05-01T10:08:26+00:00","twitter_card":"summary_large_image","twitter_misc":{"Tahmini okuma s\u00fcresi":"1 dakika"},"schema":{"@context":"https:\/\/schema.org","@graph":[{"@type":"WebPage","@id":"https:\/\/songultoprakozsangayrimenkul.com\/?page_id=75","url":"https:\/\/songultoprakozsangayrimenkul.com\/?page_id=75","name":"\u0130leti\u015fim - Song\u00fcl Toprak \u00d6zsan Gayrimenkul","isPartOf":{"@id":"https:\/\/songultoprakozsangayrimenkul.com\/#website"},"datePublished":"2024-04-30T20:03:35+00:00","dateModified":"2024-05-01T10:08:26+00:00","breadcrumb":{"@id":"https:\/\/songultoprakozsangayrimenkul.com\/?page_id=75#breadcrumb"},"inLanguage":"tr","potentialAction":[{"@type":"ReadAction","target":["https:\/\/songultoprakozsangayrimenkul.com\/?page_id=75"]}]},{"@type":"BreadcrumbList","@id":"https:\/\/songultoprakozsangayrimenkul.com\/?page_id=75#breadcrumb","itemListElement":[{"@type":"ListItem","position":1,"name":"Anasayfa","item":"https:\/\/songultoprakozsangayrimenkul.com\/"},{"@type":"ListItem","position":2,"name":"\u0130leti\u015fim"}]},{"@type":"WebSite","@id":"https:\/\/songultoprakozsangayrimenkul.com\/#website","url":"https:\/\/songultoprakozsangayrimenkul.com\/","name":"Song\u00fcl Toprak \u00d6zsan Gayrimenkul","description":"","publisher":{"@id":"https:\/\/songultoprakozsangayrimenkul.com\/#organization"},"potentialAction":[{"@type":"SearchAction","target":{"@type":"EntryPoint","urlTemplate":"https:\/\/songultoprakozsangayrimenkul.com\/?s={search_term_string}"},"query-input":"required name=search_term_string"}],"inLanguage":"tr"},{"@type":"Organization","@id":"https:\/\/songultoprakozsangayrimenkul.com\/#organization","name":"Song\u00fcl Toprak \u00d6zsan Gayrimenkul","url":"https:\/\/songultoprakozsangayrimenkul.com\/","logo":{"@type":"ImageObject","inLanguage":"tr","@id":"https:\/\/songultoprakozsangayrimenkul.com\/#\/schema\/logo\/image\/","url":"https:\/\/songultoprakozsangayrimenkul.com\/wp-content\/uploads\/2024\/04\/logo-1.png","contentUrl":"https:\/\/songultoprakozsangayrimenkul.com\/wp-content\/uploads\/2024\/04\/logo-1.png","width":97,"height":95,"caption":"Song\u00fcl Toprak \u00d6zsan Gayrimenkul"},"image":{"@id":"https:\/\/songultoprakozsangayrimenkul.com\/#\/schema\/logo\/image\/"},"sameAs":["https:\/\/www.facebook.com\/songul.toprakozsan?mibextid=ZbWKwL","https:\/\/www.instagram.com\/songultoprakozsangayrimenkul"]}]}},"_links":{"self":[{"href":"https:\/\/songultoprakozsangayrimenkul.com\/index.php?rest_route=\/wp\/v2\/pages\/75","targetHints":{"allow":["GET"]}}],"collection":[{"href":"https:\/\/songultoprakozsangayrimenkul.com\/index.php?rest_route=\/wp\/v2\/pages"}],"about":[{"href":"https:\/\/songultoprakozsangayrimenkul.com\/index.php?rest_route=\/wp\/v2\/types\/page"}],"author":[{"embeddable":true,"href":"https:\/\/songultoprakozsangayrimenkul.com\/index.php?rest_route=\/wp\/v2\/users\/1"}],"replies":[{"embeddable":true,"href":"https:\/\/songultoprakozsangayrimenkul.com\/index.php?rest_route=%2Fwp%2Fv2%2Fcomments&post=75"}],"version-history":[{"count":5,"href":"https:\/\/songultoprakozsangayrimenkul.com\/index.php?rest_route=\/wp\/v2\/pages\/75\/revisions"}],"predecessor-version":[{"id":136,"href":"https:\/\/songultoprakozsangayrimenkul.com\/index.php?rest_route=\/wp\/v2\/pages\/75\/revisions\/136"}],"wp:attachment":[{"href":"https:\/\/songultoprakozsangayrimenkul.com\/index.php?rest_route=%2Fwp%2Fv2%2Fmedia&parent=75"}],"curies":[{"name":"wp","href":"https:\/\/api.w.org\/{rel}","templated":true}]}}