{"id":79,"date":"2024-04-30T20:05:50","date_gmt":"2024-04-30T20:05:50","guid":{"rendered":"https:\/\/songultoprakozsangayrimenkul.com\/?page_id=79"},"modified":"2024-05-01T16:06:47","modified_gmt":"2024-05-01T16:06:47","slug":"hakkimizda","status":"publish","type":"page","link":"https:\/\/songultoprakozsangayrimenkul.com\/?page_id=79","title":{"rendered":"Hakk\u0131m\u0131zda"},"content":{"rendered":"\n<figure class=\"wp-block-image size-full\"><img loading=\"lazy\" decoding=\"async\" width=\"950\" height=\"719\" src=\"https:\/\/songultoprakozsangayrimenkul.com\/wp-content\/uploads\/2024\/05\/Songul-Toprak-Ozsan.jpg\" alt=\"\" class=\"wp-image-126\" srcset=\"https:\/\/songultoprakozsangayrimenkul.com\/wp-content\/uploads\/2024\/05\/Songul-Toprak-Ozsan.jpg 950w, https:\/\/songultoprakozsangayrimenkul.com\/wp-content\/uploads\/2024\/05\/Songul-Toprak-Ozsan-300x227.jpg 300w, https:\/\/songultoprakozsangayrimenkul.com\/wp-content\/uploads\/2024\/05\/Songul-Toprak-Ozsan-768x581.jpg 768w\" sizes=\"auto, (max-width: 950px) 100vw, 950px\" \/><\/figure>\n\n\n\n<h3 class=\"wp-block-heading\"><strong>Song\u00fcl Toprak\u2019\u0131n Hikayes<\/strong>i<\/h3>\n\n\n\n<p><br>Asl\u0131nda veteriner hekimim hayvanlar\u0131 \u00e7ok seviyorum.<br>\u00d6zellikle sokak hayvanlar\u0131na \u00e7ok d\u00fc\u015fk\u00fcn\u00fcm ve hi\u00e7bir zaman mesle\u011fimin ticaretini yapmay\u0131 d\u00fc\u015f\u00fcnmedim. O nedenle veteriner hekimlik hi\u00e7 yapmad\u0131m hep g\u00f6n\u00fcll\u00fc oldum.<\/p>\n\n\n\n<p>23 ya\u015f\u0131ndan itibaren 27 y\u0131l Akmerkez&#8217;de Ar\u00e7elik yetkili sat\u0131c\u0131l\u0131\u011f\u0131 yapt\u0131m. T\u00fcrkiye\u2019nin en gen\u00e7 kad\u0131n bayilerinden biri oldum. G\u00f6n\u00fclden ba\u011fl\u0131 oldu\u011fum bu markan\u0131n temsilcili\u011fini yapmaya \u00e7ok \u015feyler bor\u00e7luyum.<\/p>\n\n\n\n<p>Gayrimenkul ise her zaman hayat\u0131m\u0131n i\u00e7inde oldu.<br>Yurt i\u00e7i ve yurd\u0131\u015f\u0131ndaki t\u00fcm yeni projeler ilgimi \u00e7ekerdi ve hep gezerdim. Yak\u0131n dostlar\u0131ma gayrimenkul yat\u0131r\u0131mlar\u0131 yapmalar\u0131 i\u00e7in tavsiyelerde bulunurdum.<\/p>\n\n\n\n<p>Bu yat\u0131r\u0131mlar\u0131n kazan\u00e7l\u0131 olmas\u0131 beni heyecanland\u0131rd\u0131 ve bu i\u015fi Prof. olarak da neden yapmayay\u0131m diye d\u00fc\u015f\u00fcnd\u00fcm.<\/p>\n\n\n\n<p>Son 10 y\u0131ld\u0131r da bu i\u015fi b\u00fcy\u00fck bir tutkuyla profesyonel olarak yap\u0131yorum.<\/p>\n\n\n\n<p>Yat\u0131r\u0131mc\u0131lar\u0131m\u0131z\u0131n kendilerini iyi hissedecekleri ve kazan\u00e7l\u0131 yat\u0131r\u0131mlar yapmas\u0131na vesile olmak benim i\u00e7i ger\u00e7ekten b\u00fcy\u00fck mutluluk.<\/p>\n\n\n\n<p>Bildi\u011finiz gibi d\u00fcnya art\u0131k globalle\u015fti, ya\u015fad\u0131\u011f\u0131n\u0131z yer ,\u00e7al\u0131\u015ft\u0131\u011f\u0131n\u0131z yer ve yat\u0131r\u0131m yapt\u0131\u011f\u0131n\u0131z yer farkl\u0131 farkl\u0131 \u00fclkelerde olabilir.<\/p>\n\n\n\n<p>\u00d6rne\u011fin bir m\u00fc\u015fterimiz \u0130stanbul\u2019da ya\u015f\u0131yor New York\u2019taki bir \u015firkette \u00e7al\u0131\u015f\u0131yor ve yat\u0131r\u0131m\u0131n\u0131 Miami\u2019de yapt\u0131.<\/p>\n","protected":false},"excerpt":{"rendered":"<p>Song\u00fcl Toprak\u2019\u0131n Hikayesi Asl\u0131nda veteriner hekimim hayvanlar\u0131 \u00e7ok seviyorum.\u00d6zellikle sokak hayvanlar\u0131na \u00e7ok d\u00fc\u015fk\u00fcn\u00fcm ve hi\u00e7bir zaman mesle\u011fimin ticaretini yapmay\u0131 d\u00fc\u015f\u00fcnmedim. O nedenle veteriner hekimlik hi\u00e7 yapmad\u0131m hep g\u00f6n\u00fcll\u00fc oldum. 23 &#8230;<\/p>\n","protected":false},"author":1,"featured_media":0,"parent":0,"menu_order":0,"comment_status":"closed","ping_status":"closed","template":"","meta":{"footnotes":""},"class_list":["post-79","page","type-page","status-publish","hentry"],"yoast_head":"<!-- This site is optimized with the Yoast SEO plugin v22.6 - https:\/\/yoast.com\/wordpress\/plugins\/seo\/ -->\n<title>Hakk\u0131m\u0131zda - Song\u00fcl Toprak \u00d6zsan Gayrimenkul<\/title>\n<meta name=\"robots\" content=\"index, follow, max-snippet:-1, max-image-preview:large, max-video-preview:-1\" \/>\n<link rel=\"canonical\" href=\"https:\/\/songultoprakozsangayrimenkul.com\/?page_id=79\" \/>\n<meta property=\"og:locale\" content=\"tr_TR\" \/>\n<meta property=\"og:type\" content=\"article\" \/>\n<meta property=\"og:title\" content=\"Hakk\u0131m\u0131zda - Song\u00fcl Toprak \u00d6zsan Gayrimenkul\" \/>\n<meta property=\"og:description\" content=\"Song\u00fcl Toprak\u2019\u0131n Hikayesi Asl\u0131nda veteriner hekimim hayvanlar\u0131 \u00e7ok seviyorum.\u00d6zellikle sokak hayvanlar\u0131na \u00e7ok d\u00fc\u015fk\u00fcn\u00fcm ve hi\u00e7bir zaman mesle\u011fimin ticaretini yapmay\u0131 d\u00fc\u015f\u00fcnmedim. O nedenle veteriner hekimlik hi\u00e7 yapmad\u0131m hep g\u00f6n\u00fcll\u00fc oldum. 23 ...\" \/>\n<meta property=\"og:url\" content=\"https:\/\/songultoprakozsangayrimenkul.com\/?page_id=79\" \/>\n<meta property=\"og:site_name\" content=\"Song\u00fcl Toprak \u00d6zsan Gayrimenkul\" \/>\n<meta property=\"article:publisher\" content=\"https:\/\/www.facebook.com\/songul.toprakozsan?mibextid=ZbWKwL\" \/>\n<meta property=\"article:modified_time\" content=\"2024-05-01T16:06:47+00:00\" \/>\n<meta property=\"og:image\" content=\"https:\/\/songultoprakozsangayrimenkul.com\/wp-content\/uploads\/2024\/05\/Songul-Toprak-Ozsan.jpg\" \/>\n<meta name=\"twitter:card\" content=\"summary_large_image\" \/>\n<meta name=\"twitter:label1\" content=\"Tahmini okuma s\u00fcresi\" \/>\n\t<meta name=\"twitter:data1\" content=\"2 dakika\" \/>\n<script type=\"application\/ld+json\" class=\"yoast-schema-graph\">{\"@context\":\"https:\/\/schema.org\",\"@graph\":[{\"@type\":\"WebPage\",\"@id\":\"https:\/\/songultoprakozsangayrimenkul.com\/?page_id=79\",\"url\":\"https:\/\/songultoprakozsangayrimenkul.com\/?page_id=79\",\"name\":\"Hakk\u0131m\u0131zda - Song\u00fcl Toprak \u00d6zsan Gayrimenkul\",\"isPartOf\":{\"@id\":\"https:\/\/songultoprakozsangayrimenkul.com\/#website\"},\"primaryImageOfPage\":{\"@id\":\"https:\/\/songultoprakozsangayrimenkul.com\/?page_id=79#primaryimage\"},\"image\":{\"@id\":\"https:\/\/songultoprakozsangayrimenkul.com\/?page_id=79#primaryimage\"},\"thumbnailUrl\":\"https:\/\/songultoprakozsangayrimenkul.com\/wp-content\/uploads\/2024\/05\/Songul-Toprak-Ozsan.jpg\",\"datePublished\":\"2024-04-30T20:05:50+00:00\",\"dateModified\":\"2024-05-01T16:06:47+00:00\",\"breadcrumb\":{\"@id\":\"https:\/\/songultoprakozsangayrimenkul.com\/?page_id=79#breadcrumb\"},\"inLanguage\":\"tr\",\"potentialAction\":[{\"@type\":\"ReadAction\",\"target\":[\"https:\/\/songultoprakozsangayrimenkul.com\/?page_id=79\"]}]},{\"@type\":\"ImageObject\",\"inLanguage\":\"tr\",\"@id\":\"https:\/\/songultoprakozsangayrimenkul.com\/?page_id=79#primaryimage\",\"url\":\"https:\/\/songultoprakozsangayrimenkul.com\/wp-content\/uploads\/2024\/05\/Songul-Toprak-Ozsan.jpg\",\"contentUrl\":\"https:\/\/songultoprakozsangayrimenkul.com\/wp-content\/uploads\/2024\/05\/Songul-Toprak-Ozsan.jpg\",\"width\":950,\"height\":719},{\"@type\":\"BreadcrumbList\",\"@id\":\"https:\/\/songultoprakozsangayrimenkul.com\/?page_id=79#breadcrumb\",\"itemListElement\":[{\"@type\":\"ListItem\",\"position\":1,\"name\":\"Anasayfa\",\"item\":\"https:\/\/songultoprakozsangayrimenkul.com\/\"},{\"@type\":\"ListItem\",\"position\":2,\"name\":\"Hakk\u0131m\u0131zda\"}]},{\"@type\":\"WebSite\",\"@id\":\"https:\/\/songultoprakozsangayrimenkul.com\/#website\",\"url\":\"https:\/\/songultoprakozsangayrimenkul.com\/\",\"name\":\"Song\u00fcl Toprak \u00d6zsan Gayrimenkul\",\"description\":\"\",\"publisher\":{\"@id\":\"https:\/\/songultoprakozsangayrimenkul.com\/#organization\"},\"potentialAction\":[{\"@type\":\"SearchAction\",\"target\":{\"@type\":\"EntryPoint\",\"urlTemplate\":\"https:\/\/songultoprakozsangayrimenkul.com\/?s={search_term_string}\"},\"query-input\":\"required name=search_term_string\"}],\"inLanguage\":\"tr\"},{\"@type\":\"Organization\",\"@id\":\"https:\/\/songultoprakozsangayrimenkul.com\/#organization\",\"name\":\"Song\u00fcl Toprak \u00d6zsan Gayrimenkul\",\"url\":\"https:\/\/songultoprakozsangayrimenkul.com\/\",\"logo\":{\"@type\":\"ImageObject\",\"inLanguage\":\"tr\",\"@id\":\"https:\/\/songultoprakozsangayrimenkul.com\/#\/schema\/logo\/image\/\",\"url\":\"https:\/\/songultoprakozsangayrimenkul.com\/wp-content\/uploads\/2024\/04\/logo-1.png\",\"contentUrl\":\"https:\/\/songultoprakozsangayrimenkul.com\/wp-content\/uploads\/2024\/04\/logo-1.png\",\"width\":97,\"height\":95,\"caption\":\"Song\u00fcl Toprak \u00d6zsan Gayrimenkul\"},\"image\":{\"@id\":\"https:\/\/songultoprakozsangayrimenkul.com\/#\/schema\/logo\/image\/\"},\"sameAs\":[\"https:\/\/www.facebook.com\/songul.toprakozsan?mibextid=ZbWKwL\",\"https:\/\/www.instagram.com\/songultoprakozsangayrimenkul\"]}]}<\/script>\n<!-- \/ Yoast SEO plugin. -->","yoast_head_json":{"title":"Hakk\u0131m\u0131zda - Song\u00fcl Toprak \u00d6zsan Gayrimenkul","robots":{"index":"index","follow":"follow","max-snippet":"max-snippet:-1","max-image-preview":"max-image-preview:large","max-video-preview":"max-video-preview:-1"},"canonical":"https:\/\/songultoprakozsangayrimenkul.com\/?page_id=79","og_locale":"tr_TR","og_type":"article","og_title":"Hakk\u0131m\u0131zda - Song\u00fcl Toprak \u00d6zsan Gayrimenkul","og_description":"Song\u00fcl Toprak\u2019\u0131n Hikayesi Asl\u0131nda veteriner hekimim hayvanlar\u0131 \u00e7ok seviyorum.\u00d6zellikle sokak hayvanlar\u0131na \u00e7ok d\u00fc\u015fk\u00fcn\u00fcm ve hi\u00e7bir zaman mesle\u011fimin ticaretini yapmay\u0131 d\u00fc\u015f\u00fcnmedim. O nedenle veteriner hekimlik hi\u00e7 yapmad\u0131m hep g\u00f6n\u00fcll\u00fc oldum. 23 ...","og_url":"https:\/\/songultoprakozsangayrimenkul.com\/?page_id=79","og_site_name":"Song\u00fcl Toprak \u00d6zsan Gayrimenkul","article_publisher":"https:\/\/www.facebook.com\/songul.toprakozsan?mibextid=ZbWKwL","article_modified_time":"2024-05-01T16:06:47+00:00","og_image":[{"url":"https:\/\/songultoprakozsangayrimenkul.com\/wp-content\/uploads\/2024\/05\/Songul-Toprak-Ozsan.jpg"}],"twitter_card":"summary_large_image","twitter_misc":{"Tahmini okuma s\u00fcresi":"2 dakika"},"schema":{"@context":"https:\/\/schema.org","@graph":[{"@type":"WebPage","@id":"https:\/\/songultoprakozsangayrimenkul.com\/?page_id=79","url":"https:\/\/songultoprakozsangayrimenkul.com\/?page_id=79","name":"Hakk\u0131m\u0131zda - Song\u00fcl Toprak \u00d6zsan Gayrimenkul","isPartOf":{"@id":"https:\/\/songultoprakozsangayrimenkul.com\/#website"},"primaryImageOfPage":{"@id":"https:\/\/songultoprakozsangayrimenkul.com\/?page_id=79#primaryimage"},"image":{"@id":"https:\/\/songultoprakozsangayrimenkul.com\/?page_id=79#primaryimage"},"thumbnailUrl":"https:\/\/songultoprakozsangayrimenkul.com\/wp-content\/uploads\/2024\/05\/Songul-Toprak-Ozsan.jpg","datePublished":"2024-04-30T20:05:50+00:00","dateModified":"2024-05-01T16:06:47+00:00","breadcrumb":{"@id":"https:\/\/songultoprakozsangayrimenkul.com\/?page_id=79#breadcrumb"},"inLanguage":"tr","potentialAction":[{"@type":"ReadAction","target":["https:\/\/songultoprakozsangayrimenkul.com\/?page_id=79"]}]},{"@type":"ImageObject","inLanguage":"tr","@id":"https:\/\/songultoprakozsangayrimenkul.com\/?page_id=79#primaryimage","url":"https:\/\/songultoprakozsangayrimenkul.com\/wp-content\/uploads\/2024\/05\/Songul-Toprak-Ozsan.jpg","contentUrl":"https:\/\/songultoprakozsangayrimenkul.com\/wp-content\/uploads\/2024\/05\/Songul-Toprak-Ozsan.jpg","width":950,"height":719},{"@type":"BreadcrumbList","@id":"https:\/\/songultoprakozsangayrimenkul.com\/?page_id=79#breadcrumb","itemListElement":[{"@type":"ListItem","position":1,"name":"Anasayfa","item":"https:\/\/songultoprakozsangayrimenkul.com\/"},{"@type":"ListItem","position":2,"name":"Hakk\u0131m\u0131zda"}]},{"@type":"WebSite","@id":"https:\/\/songultoprakozsangayrimenkul.com\/#website","url":"https:\/\/songultoprakozsangayrimenkul.com\/","name":"Song\u00fcl Toprak \u00d6zsan Gayrimenkul","description":"","publisher":{"@id":"https:\/\/songultoprakozsangayrimenkul.com\/#organization"},"potentialAction":[{"@type":"SearchAction","target":{"@type":"EntryPoint","urlTemplate":"https:\/\/songultoprakozsangayrimenkul.com\/?s={search_term_string}"},"query-input":"required name=search_term_string"}],"inLanguage":"tr"},{"@type":"Organization","@id":"https:\/\/songultoprakozsangayrimenkul.com\/#organization","name":"Song\u00fcl Toprak \u00d6zsan Gayrimenkul","url":"https:\/\/songultoprakozsangayrimenkul.com\/","logo":{"@type":"ImageObject","inLanguage":"tr","@id":"https:\/\/songultoprakozsangayrimenkul.com\/#\/schema\/logo\/image\/","url":"https:\/\/songultoprakozsangayrimenkul.com\/wp-content\/uploads\/2024\/04\/logo-1.png","contentUrl":"https:\/\/songultoprakozsangayrimenkul.com\/wp-content\/uploads\/2024\/04\/logo-1.png","width":97,"height":95,"caption":"Song\u00fcl Toprak \u00d6zsan Gayrimenkul"},"image":{"@id":"https:\/\/songultoprakozsangayrimenkul.com\/#\/schema\/logo\/image\/"},"sameAs":["https:\/\/www.facebook.com\/songul.toprakozsan?mibextid=ZbWKwL","https:\/\/www.instagram.com\/songultoprakozsangayrimenkul"]}]}},"_links":{"self":[{"href":"https:\/\/songultoprakozsangayrimenkul.com\/index.php?rest_route=\/wp\/v2\/pages\/79","targetHints":{"allow":["GET"]}}],"collection":[{"href":"https:\/\/songultoprakozsangayrimenkul.com\/index.php?rest_route=\/wp\/v2\/pages"}],"about":[{"href":"https:\/\/songultoprakozsangayrimenkul.com\/index.php?rest_route=\/wp\/v2\/types\/page"}],"author":[{"embeddable":true,"href":"https:\/\/songultoprakozsangayrimenkul.com\/index.php?rest_route=\/wp\/v2\/users\/1"}],"replies":[{"embeddable":true,"href":"https:\/\/songultoprakozsangayrimenkul.com\/index.php?rest_route=%2Fwp%2Fv2%2Fcomments&post=79"}],"version-history":[{"count":2,"href":"https:\/\/songultoprakozsangayrimenkul.com\/index.php?rest_route=\/wp\/v2\/pages\/79\/revisions"}],"predecessor-version":[{"id":127,"href":"https:\/\/songultoprakozsangayrimenkul.com\/index.php?rest_route=\/wp\/v2\/pages\/79\/revisions\/127"}],"wp:attachment":[{"href":"https:\/\/songultoprakozsangayrimenkul.com\/index.php?rest_route=%2Fwp%2Fv2%2Fmedia&parent=79"}],"curies":[{"name":"wp","href":"https:\/\/api.w.org\/{rel}","templated":true}]}}